{"id":3,"date":"2025-10-23T10:15:01","date_gmt":"2025-10-23T08:15:01","guid":{"rendered":"https:\/\/www.etronclaiminitiative.eu\/?page_id=3"},"modified":"2025-10-30T10:15:26","modified_gmt":"2025-10-30T09:15:26","slug":"privatlivspolitik","status":"publish","type":"page","link":"https:\/\/www.etronclaiminitiative.eu\/no\/privatlivspolitik\/","title":{"rendered":"Personvernerkl\u00e6ring"},"content":{"rendered":"<h2 class=\"wp-block-heading\">Hvem er vi?<\/h2>\n\n\n\n<p>Nettadressen v\u00e5r er: https:\/\/www.etronclaiminitiative.eu.<\/p>\n\n\n\n<h2 class=\"wp-block-heading\">Kommentarer<\/h2>\n\n\n\n<p>N\u00e5r bes\u00f8kende legger igjen kommentarer p\u00e5 nettstedet, samler vi inn dataene som vises i kommentarskjemaet, i tillegg til den bes\u00f8kendes IP-adresse og nettleserens brukeragentstreng for \u00e5 hjelpe med \u00e5 oppdage spam.<\/p>\n\n\n\n<p>En anonymisert streng opprettet fra e-postadressen din (ogs\u00e5 kalt en hash) kan bli gitt til Gravatar-tjenesten for \u00e5 se om du bruker den. Gravatar-tjenestens personvernerkl\u00e6ring er tilgjengelig her: https:\/\/automattic.com\/privacy\/. Etter at kommentaren din er godkjent, vil profilbildet ditt v\u00e6re synlig for offentligheten sammen med kommentaren din.<\/p>\n\n\n\n<h2 class=\"wp-block-heading\">Media<\/h2>\n\n\n\n<p><strong class=\"privacy-policy-tutorial\">Foresl\u00e5tt tekst: <\/strong>Hvis du laster opp bilder til nettstedet, b\u00f8r du avst\u00e5 fra \u00e5 laste opp bilder med innebygde posisjonsdata (EXIF GPS). Bes\u00f8kende p\u00e5 nettstedet kan laste ned og hente ut all posisjonsdata fra bilder p\u00e5 nettstedet.<\/p>\n\n\n\n<h2 class=\"wp-block-heading\">Informasjonskapsler<\/h2>\n\n\n\n<p>Hvis du legger igjen en kommentar p\u00e5 nettstedet v\u00e5rt, kan du velge \u00e5 lagre navn, e-postadresse og nettsted i informasjonskapsler. Disse er for din bekvemmelighet, slik at du ikke trenger \u00e5 fylle ut informasjonen din p\u00e5 nytt n\u00e5r du legger igjen en ny kommentar. Disse informasjonskapslene varer i ett \u00e5r.<\/p>\n\n\n\n<p>Hvis du bes\u00f8ker innloggingssiden v\u00e5r, oppretter vi en midlertidig informasjonskapsel for \u00e5 avgj\u00f8re om nettleseren din godtar informasjonskapsler. Denne informasjonskapselen inneholder ingen personopplysninger og slettes n\u00e5r du lukker nettleseren.<\/p>\n\n\n\n<p>N\u00e5r du logger deg inn, vil vi sette en rekke informasjonskapsler og lagre innloggingsinformasjonen din og dine skjermvisningsvalg. Innloggingsinformasjonskapsler varer i to dager, og informasjonskapsler for skjermvalg varer i ett \u00e5r. Hvis du velger \u201cHusk meg\u201d, vil innloggingen din vare i to uker. Hvis du logger deg ut av kontoen din, vil innloggingsinformasjonskapslene forsvinne.<\/p>\n\n\n\n<p>Hvis du redigerer eller publiserer en artikkel, lagres en ekstra informasjonskapsel i nettleseren din. Denne informasjonskapselen inneholder ingen personopplysninger og oppgir kun innleggs-ID-en til artikkelen du nettopp redigerte. Den utl\u00f8per etter 1 dag.<\/p>\n\n\n\n<h2 class=\"wp-block-heading\">Innebygd innhold fra andre nettsteder<\/h2>\n\n\n\n<p>Artikler p\u00e5 dette nettstedet kan inneholde innebygd innhold (f.eks. videoer, bilder, artikler osv.). Innebygd innhold fra andre nettsteder oppf\u00f8rer seg p\u00e5 n\u00f8yaktig samme m\u00e5te som om den bes\u00f8kende hadde bes\u00f8kt det andre nettstedet.<\/p>\n\n\n\n<p>Disse nettstedene kan samle inn data om deg, bruke informasjonskapsler, legge inn ytterligere tredjepartssporing og overv\u00e5ke samhandlingen din med det innebygde innholdet, inkludert sporing av samhandlingen din med det innebygde innholdet hvis du har en konto og er logget inn p\u00e5 det nettstedet.<\/p>\n\n\n\n<h2 class=\"wp-block-heading\">Hvem vi deler dataene dine med<\/h2>\n\n\n\n<p>Hvis du ber om tilbakestilling av passord, vil IP-adressen din bli inkludert i tilbakestillings-e-posten.<\/p>\n\n\n\n<h2 class=\"wp-block-heading\">Hvor lenge vi lagrer dataene dine<\/h2>\n\n\n\n<p>Hvis du skriver en kommentar, lagres kommentaren og metadataene p\u00e5 ubestemt tid. Dette er slik at vi kan gjenkjenne og godkjenne eventuelle oppf\u00f8lgingskommentarer automatisk i stedet for at de havner i en modereringsk\u00f8.<\/p>\n\n\n\n<p>For brukere som registrerer seg p\u00e5 nettstedet v\u00e5rt (hvis noen), lagrer vi ogs\u00e5 den personlige informasjonen de oppgir i brukerprofilen sin. Alle brukere kan se, redigere eller slette sin personlige informasjon n\u00e5r som helst (med unntak av at de ikke kan endre brukernavnet sitt). Nettstedsadministratorer kan ogs\u00e5 se og redigere denne informasjonen.<\/p>\n\n\n\n<h2 class=\"wp-block-heading\">Hvilke rettigheter har du over dataene dine?<\/h2>\n\n\n\n<p>Hvis du har en konto p\u00e5 dette nettstedet, eller har lagt igjen kommentarer, kan du be om \u00e5 motta en eksportert fil av personopplysningene vi har om deg, inkludert data du har gitt oss. Du kan ogs\u00e5 be oss om \u00e5 slette personopplysninger vi har om deg. Dette inkluderer ikke data vi er p\u00e5lagt \u00e5 oppbevare av administrative, juridiske eller sikkerhetsmessige \u00e5rsaker.<\/p>\n\n\n\n<h2 class=\"wp-block-heading\">Hvor dataene dine sendes<\/h2>\n\n\n\n<p>Bes\u00f8kendes kommentarer kan bli sjekket av en automatisk spam-deteksjonstjeneste.<\/p>","protected":false},"excerpt":{"rendered":"<p>Hvem er vi Vores webstedsadresse er: https:\/\/www.etronclaiminitiative.eu. Kommentarer N\u00e5r bes\u00f8gende skriver kommentarer p\u00e5 webstedet, indsamler vi de data, som vises i kommentarformularen, og ogs\u00e5 den bes\u00f8gendes IP-adresse og browserens user agent string for at hj\u00e6lpe med at opdage spam. En anonymiseret&#8230;<\/p>","protected":false},"author":1,"featured_media":0,"parent":0,"menu_order":0,"comment_status":"closed","ping_status":"open","template":"","meta":{"footnotes":""},"class_list":["post-3","page","type-page","status-publish","hentry"],"_links":{"self":[{"href":"https:\/\/www.etronclaiminitiative.eu\/no\/wp-json\/wp\/v2\/pages\/3","targetHints":{"allow":["GET"]}}],"collection":[{"href":"https:\/\/www.etronclaiminitiative.eu\/no\/wp-json\/wp\/v2\/pages"}],"about":[{"href":"https:\/\/www.etronclaiminitiative.eu\/no\/wp-json\/wp\/v2\/types\/page"}],"author":[{"embeddable":true,"href":"https:\/\/www.etronclaiminitiative.eu\/no\/wp-json\/wp\/v2\/users\/1"}],"replies":[{"embeddable":true,"href":"https:\/\/www.etronclaiminitiative.eu\/no\/wp-json\/wp\/v2\/comments?post=3"}],"version-history":[{"count":2,"href":"https:\/\/www.etronclaiminitiative.eu\/no\/wp-json\/wp\/v2\/pages\/3\/revisions"}],"predecessor-version":[{"id":22999,"href":"https:\/\/www.etronclaiminitiative.eu\/no\/wp-json\/wp\/v2\/pages\/3\/revisions\/22999"}],"wp:attachment":[{"href":"https:\/\/www.etronclaiminitiative.eu\/no\/wp-json\/wp\/v2\/media?parent=3"}],"curies":[{"name":"wp","href":"https:\/\/api.w.org\/{rel}","templated":true}]}}