{"id":4932,"date":"2024-02-29T19:15:46","date_gmt":"2024-02-29T17:15:46","guid":{"rendered":"https:\/\/demo.artureanec.com\/themes\/neuros\/?page_id=4932"},"modified":"2025-11-03T22:28:47","modified_gmt":"2025-11-03T21:28:47","slug":"defekter-fejl","status":"publish","type":"page","link":"https:\/\/www.etronclaiminitiative.eu\/de\/defekter-fejl\/","title":{"rendered":"M\u00e4ngel und Fehler"},"content":{"rendered":"<div data-elementor-type=\"wp-page\" data-elementor-id=\"4932\" class=\"elementor elementor-4932\" data-elementor-post-type=\"page\">\n\t\t\t\t\t\t<section class=\"elementor-section elementor-top-section elementor-element elementor-element-5471954 elementor-section-boxed elementor-section-height-default elementor-section-height-default\" data-id=\"5471954\" data-element_type=\"section\">\n\t\t\t\t\t\t<div class=\"elementor-container elementor-column-gap-default\">\n\t\t\t\t\t<div class=\"elementor-column elementor-col-100 elementor-top-column elementor-element elementor-element-360df61\" data-id=\"360df61\" data-element_type=\"column\">\n\t\t\t<div class=\"elementor-widget-wrap elementor-element-populated\">\n\t\t\t\t\t\t<div class=\"elementor-element elementor-element-f5420d0 elementor-widget elementor-widget-neuros_heading\" data-id=\"f5420d0\" data-element_type=\"widget\" data-widget_type=\"neuros_heading.default\">\n\t\t\t\t<div class=\"elementor-widget-container\">\n\t\t\t\t\t<div class=\"neuros-heading-widget\"><h2 class=\"neuros-heading\"><span class=\"neuros-subheading\">Das wissen wir.<\/span><span class=\"neuros-heading-content has_gradient_color_text\"><span><span><span>H<\/span><span>y<\/span><span>P<\/span><span>P<\/span><span>In<\/span><span>G<\/span><span>e<\/span><\/span> <span><span>D<\/span><span>e<\/span><span>F<\/span><span>e<\/span><span>k<\/span><span>T<\/span><span>e<\/span><span>R<\/span><\/span> <span><span>Insel<\/span><span>G<\/span><\/span> <span><span>F<\/span><span>e<\/span><span>J<\/span><span>l<\/span><\/span><\/span><\/span><\/h2><\/div>\t\t\t\t<\/div>\n\t\t\t\t<\/div>\n\t\t\t\t<div class=\"elementor-element elementor-element-1502e64 elementor-accordion-style-counter elementor-widget elementor-widget-accordion\" data-id=\"1502e64\" data-element_type=\"widget\" data-widget_type=\"accordion.default\">\n\t\t\t\t<div class=\"elementor-widget-container\">\n\t\t\t\t\t\t\t<div class=\"elementor-accordion\">\n\t\t\t\t\t\t\t<div class=\"elementor-accordion-item\">\n\t\t\t\t\t<div id=\"elementor-tab-title-2201\" class=\"elementor-tab-title\" data-tab=\"1\" role=\"button\" aria-controls=\"elementor-tab-content-2201\" aria-expanded=\"false\">\n\t\t\t\t\t\t\t\t\t\t\t\t\t<span class=\"elementor-accordion-icon elementor-accordion-icon-right\" aria-hidden=\"true\">\n\t\t\t\t\t\t\t\t\t\t\t\t\t\t\t<span class=\"elementor-accordion-icon-closed\"><svg xmlns=\"http:\/\/www.w3.org\/2000\/svg\" xmlns:svg=\"http:\/\/www.w3.org\/2000\/svg\" viewbox=\"0 0 8.9051447 8.7522402\"><path d=\"m 7.2060049,0.28701797 c 0.63313,-0.619103 1.69914,-0.170535 1.69914,0.71498203 v 6.75024 c 0,0.55229 -0.44771,1 -1,1 h -6.90314 c -0.89630999,0 -1.33998699,-1.08833 -0.69913999,-1.71498 z\"><\/path><\/svg><\/span>\n\t\t\t\t\t\t\t\t<span class=\"elementor-accordion-icon-opened\"><svg xmlns=\"http:\/\/www.w3.org\/2000\/svg\" xmlns:svg=\"http:\/\/www.w3.org\/2000\/svg\" viewbox=\"0 0 8.7522402 8.9151068\"><path d=\"M 0.28599559,1.6980872 C -0.33217141,1.0640472 0.11797359,-0.00130779 1.0034886,1.2051406e-6 L 7.7537186,0.00998121 c 0.55229,8.17e-4 0.99934,0.449193 0.99852,1.00147599 l -0.0102,6.90313 c -0.00133,0.89631 -1.09031,1.33838 -1.71602,0.69661 z\"><\/path><\/svg><\/span>\n\t\t\t\t\t\t\t\t\t\t\t\t\t\t<\/span>\n\t\t\t\t\t\t\t\t\t\t\t\t<a class=\"elementor-accordion-title\" tabindex=\"0\">Heckklappenprobleme<\/a>\n\t\t\t\t\t<\/div>\n\t\t\t\t\t<div id=\"elementor-tab-content-2201\" class=\"elementor-tab-content elementor-clearfix\" data-tab=\"1\" role=\"region\" aria-labelledby=\"elementor-tab-title-2201\"><p>Mechanische Defekte, die einen Austausch erfordern.<\/p><\/div>\n\t\t\t\t<\/div>\n\t\t\t\t\t\t\t<div class=\"elementor-accordion-item\">\n\t\t\t\t\t<div id=\"elementor-tab-title-2202\" class=\"elementor-tab-title\" data-tab=\"2\" role=\"button\" aria-controls=\"elementor-tab-content-2202\" aria-expanded=\"false\">\n\t\t\t\t\t\t\t\t\t\t\t\t\t<span class=\"elementor-accordion-icon elementor-accordion-icon-right\" aria-hidden=\"true\">\n\t\t\t\t\t\t\t\t\t\t\t\t\t\t\t<span class=\"elementor-accordion-icon-closed\"><svg xmlns=\"http:\/\/www.w3.org\/2000\/svg\" xmlns:svg=\"http:\/\/www.w3.org\/2000\/svg\" viewbox=\"0 0 8.9051447 8.7522402\"><path d=\"m 7.2060049,0.28701797 c 0.63313,-0.619103 1.69914,-0.170535 1.69914,0.71498203 v 6.75024 c 0,0.55229 -0.44771,1 -1,1 h -6.90314 c -0.89630999,0 -1.33998699,-1.08833 -0.69913999,-1.71498 z\"><\/path><\/svg><\/span>\n\t\t\t\t\t\t\t\t<span class=\"elementor-accordion-icon-opened\"><svg xmlns=\"http:\/\/www.w3.org\/2000\/svg\" xmlns:svg=\"http:\/\/www.w3.org\/2000\/svg\" viewbox=\"0 0 8.7522402 8.9151068\"><path d=\"M 0.28599559,1.6980872 C -0.33217141,1.0640472 0.11797359,-0.00130779 1.0034886,1.2051406e-6 L 7.7537186,0.00998121 c 0.55229,8.17e-4 0.99934,0.449193 0.99852,1.00147599 l -0.0102,6.90313 c -0.00133,0.89631 -1.09031,1.33838 -1.71602,0.69661 z\"><\/path><\/svg><\/span>\n\t\t\t\t\t\t\t\t\t\t\t\t\t\t<\/span>\n\t\t\t\t\t\t\t\t\t\t\t\t<a class=\"elementor-accordion-title\" tabindex=\"0\">Digitale Seitenspiegel - Kondensation<\/a>\n\t\t\t\t\t<\/div>\n\t\t\t\t\t<div id=\"elementor-tab-content-2202\" class=\"elementor-tab-content elementor-clearfix\" data-tab=\"2\" role=\"region\" aria-labelledby=\"elementor-tab-title-2202\"><p>Audi ist sich des Fehlers bewusst, bei dem sich bei ausgew\u00e4hlten Modellen Kondenswasser in den digitalen Au\u00dfenspiegeln bilden kann.<br \/>Bislang hat Audi sie aus Kulanz ersetzt.<\/p><\/div>\n\t\t\t\t<\/div>\n\t\t\t\t\t\t\t<div class=\"elementor-accordion-item\">\n\t\t\t\t\t<div id=\"elementor-tab-title-2203\" class=\"elementor-tab-title\" data-tab=\"3\" role=\"button\" aria-controls=\"elementor-tab-content-2203\" aria-expanded=\"false\">\n\t\t\t\t\t\t\t\t\t\t\t\t\t<span class=\"elementor-accordion-icon elementor-accordion-icon-right\" aria-hidden=\"true\">\n\t\t\t\t\t\t\t\t\t\t\t\t\t\t\t<span class=\"elementor-accordion-icon-closed\"><svg xmlns=\"http:\/\/www.w3.org\/2000\/svg\" xmlns:svg=\"http:\/\/www.w3.org\/2000\/svg\" viewbox=\"0 0 8.9051447 8.7522402\"><path d=\"m 7.2060049,0.28701797 c 0.63313,-0.619103 1.69914,-0.170535 1.69914,0.71498203 v 6.75024 c 0,0.55229 -0.44771,1 -1,1 h -6.90314 c -0.89630999,0 -1.33998699,-1.08833 -0.69913999,-1.71498 z\"><\/path><\/svg><\/span>\n\t\t\t\t\t\t\t\t<span class=\"elementor-accordion-icon-opened\"><svg xmlns=\"http:\/\/www.w3.org\/2000\/svg\" xmlns:svg=\"http:\/\/www.w3.org\/2000\/svg\" viewbox=\"0 0 8.7522402 8.9151068\"><path d=\"M 0.28599559,1.6980872 C -0.33217141,1.0640472 0.11797359,-0.00130779 1.0034886,1.2051406e-6 L 7.7537186,0.00998121 c 0.55229,8.17e-4 0.99934,0.449193 0.99852,1.00147599 l -0.0102,6.90313 c -0.00133,0.89631 -1.09031,1.33838 -1.71602,0.69661 z\"><\/path><\/svg><\/span>\n\t\t\t\t\t\t\t\t\t\t\t\t\t\t<\/span>\n\t\t\t\t\t\t\t\t\t\t\t\t<a class=\"elementor-accordion-title\" tabindex=\"0\">Wasser aus dem Abfluss im Schiebedach<\/a>\n\t\t\t\t\t<\/div>\n\t\t\t\t\t<div id=\"elementor-tab-content-2203\" class=\"elementor-tab-content elementor-clearfix\" data-tab=\"3\" role=\"region\" aria-labelledby=\"elementor-tab-title-2203\"><div id=\"elementor-tab-content-2263\" class=\"elementor-tab-content elementor-clearfix elementor-active\" role=\"region\" data-tab=\"3\" aria-labelledby=\"elementor-tab-title-2263\"><p>\u00a0<\/p><p>Mehrere Besitzer haben von Wassereintritt durch das Schiebedach berichtet. Teilweise tropft es vom R\u00fcckspiegel und den A-S\u00e4ulen auf die Fu\u00dfmatten. Die Ablaufrinnen sind zu klein.<\/p><p>Audi hat das Problem zur Kenntnis genommen und wechselt zu l\u00e4ngeren Kan\u00e4len.<\/p><\/div><\/div>\n\t\t\t\t<\/div>\n\t\t\t\t\t\t\t<div class=\"elementor-accordion-item\">\n\t\t\t\t\t<div id=\"elementor-tab-title-2204\" class=\"elementor-tab-title\" data-tab=\"4\" role=\"button\" aria-controls=\"elementor-tab-content-2204\" aria-expanded=\"false\">\n\t\t\t\t\t\t\t\t\t\t\t\t\t<span class=\"elementor-accordion-icon elementor-accordion-icon-right\" aria-hidden=\"true\">\n\t\t\t\t\t\t\t\t\t\t\t\t\t\t\t<span class=\"elementor-accordion-icon-closed\"><svg xmlns=\"http:\/\/www.w3.org\/2000\/svg\" xmlns:svg=\"http:\/\/www.w3.org\/2000\/svg\" viewbox=\"0 0 8.9051447 8.7522402\"><path d=\"m 7.2060049,0.28701797 c 0.63313,-0.619103 1.69914,-0.170535 1.69914,0.71498203 v 6.75024 c 0,0.55229 -0.44771,1 -1,1 h -6.90314 c -0.89630999,0 -1.33998699,-1.08833 -0.69913999,-1.71498 z\"><\/path><\/svg><\/span>\n\t\t\t\t\t\t\t\t<span class=\"elementor-accordion-icon-opened\"><svg xmlns=\"http:\/\/www.w3.org\/2000\/svg\" xmlns:svg=\"http:\/\/www.w3.org\/2000\/svg\" viewbox=\"0 0 8.7522402 8.9151068\"><path d=\"M 0.28599559,1.6980872 C -0.33217141,1.0640472 0.11797359,-0.00130779 1.0034886,1.2051406e-6 L 7.7537186,0.00998121 c 0.55229,8.17e-4 0.99934,0.449193 0.99852,1.00147599 l -0.0102,6.90313 c -0.00133,0.89631 -1.09031,1.33838 -1.71602,0.69661 z\"><\/path><\/svg><\/span>\n\t\t\t\t\t\t\t\t\t\t\t\t\t\t<\/span>\n\t\t\t\t\t\t\t\t\t\t\t\t<a class=\"elementor-accordion-title\" tabindex=\"0\">K\u00fchlmittelleck<\/a>\n\t\t\t\t\t<\/div>\n\t\t\t\t\t<div id=\"elementor-tab-content-2204\" class=\"elementor-tab-content elementor-clearfix\" data-tab=\"4\" role=\"region\" aria-labelledby=\"elementor-tab-title-2204\"><div id=\"elementor-tab-content-2264\" class=\"elementor-tab-content elementor-clearfix elementor-active\" role=\"region\" data-tab=\"4\" aria-labelledby=\"elementor-tab-title-2264\"><p>\u00a0<\/p><p>Ein Konstruktionsfehler an Motoren kann zum Abw\u00fcrgen des Motors w\u00e4hrend der Fahrt f\u00fchren. Eine fehlerhafte Dichtung kann dazu f\u00fchren, dass K\u00fchlmittel den Motor und im schlimmsten Fall das Getriebe besch\u00e4digt.<\/p><p><strong>K\u00fchlmittelsammelsystem<\/strong> Um ein Absaufen des Motors zu vermeiden, ist eine Wartung alle 30.000 km erforderlich.<\/p><\/div><\/div>\n\t\t\t\t<\/div>\n\t\t\t\t\t\t\t<div class=\"elementor-accordion-item\">\n\t\t\t\t\t<div id=\"elementor-tab-title-2205\" class=\"elementor-tab-title\" data-tab=\"5\" role=\"button\" aria-controls=\"elementor-tab-content-2205\" aria-expanded=\"false\">\n\t\t\t\t\t\t\t\t\t\t\t\t\t<span class=\"elementor-accordion-icon elementor-accordion-icon-right\" aria-hidden=\"true\">\n\t\t\t\t\t\t\t\t\t\t\t\t\t\t\t<span class=\"elementor-accordion-icon-closed\"><svg xmlns=\"http:\/\/www.w3.org\/2000\/svg\" xmlns:svg=\"http:\/\/www.w3.org\/2000\/svg\" viewbox=\"0 0 8.9051447 8.7522402\"><path d=\"m 7.2060049,0.28701797 c 0.63313,-0.619103 1.69914,-0.170535 1.69914,0.71498203 v 6.75024 c 0,0.55229 -0.44771,1 -1,1 h -6.90314 c -0.89630999,0 -1.33998699,-1.08833 -0.69913999,-1.71498 z\"><\/path><\/svg><\/span>\n\t\t\t\t\t\t\t\t<span class=\"elementor-accordion-icon-opened\"><svg xmlns=\"http:\/\/www.w3.org\/2000\/svg\" xmlns:svg=\"http:\/\/www.w3.org\/2000\/svg\" viewbox=\"0 0 8.7522402 8.9151068\"><path d=\"M 0.28599559,1.6980872 C -0.33217141,1.0640472 0.11797359,-0.00130779 1.0034886,1.2051406e-6 L 7.7537186,0.00998121 c 0.55229,8.17e-4 0.99934,0.449193 0.99852,1.00147599 l -0.0102,6.90313 c -0.00133,0.89631 -1.09031,1.33838 -1.71602,0.69661 z\"><\/path><\/svg><\/span>\n\t\t\t\t\t\t\t\t\t\t\t\t\t\t<\/span>\n\t\t\t\t\t\t\t\t\t\t\t\t<a class=\"elementor-accordion-title\" tabindex=\"0\">MMI-System \u2013 Gefrierschrank<\/a>\n\t\t\t\t\t<\/div>\n\t\t\t\t\t<div id=\"elementor-tab-content-2205\" class=\"elementor-tab-content elementor-clearfix\" data-tab=\"5\" role=\"region\" aria-labelledby=\"elementor-tab-title-2205\"><p>Das System kann einfrieren oder sehr langsam reagieren. Viele Besitzer haben von Kommunikationsproblemen zwischen der MyAudi App und dem Fahrzeug berichtet.<\/p><\/div>\n\t\t\t\t<\/div>\n\t\t\t\t\t\t\t<div class=\"elementor-accordion-item\">\n\t\t\t\t\t<div id=\"elementor-tab-title-2206\" class=\"elementor-tab-title\" data-tab=\"6\" role=\"button\" aria-controls=\"elementor-tab-content-2206\" aria-expanded=\"false\">\n\t\t\t\t\t\t\t\t\t\t\t\t\t<span class=\"elementor-accordion-icon elementor-accordion-icon-right\" aria-hidden=\"true\">\n\t\t\t\t\t\t\t\t\t\t\t\t\t\t\t<span class=\"elementor-accordion-icon-closed\"><svg xmlns=\"http:\/\/www.w3.org\/2000\/svg\" xmlns:svg=\"http:\/\/www.w3.org\/2000\/svg\" viewbox=\"0 0 8.9051447 8.7522402\"><path d=\"m 7.2060049,0.28701797 c 0.63313,-0.619103 1.69914,-0.170535 1.69914,0.71498203 v 6.75024 c 0,0.55229 -0.44771,1 -1,1 h -6.90314 c -0.89630999,0 -1.33998699,-1.08833 -0.69913999,-1.71498 z\"><\/path><\/svg><\/span>\n\t\t\t\t\t\t\t\t<span class=\"elementor-accordion-icon-opened\"><svg xmlns=\"http:\/\/www.w3.org\/2000\/svg\" xmlns:svg=\"http:\/\/www.w3.org\/2000\/svg\" viewbox=\"0 0 8.7522402 8.9151068\"><path d=\"M 0.28599559,1.6980872 C -0.33217141,1.0640472 0.11797359,-0.00130779 1.0034886,1.2051406e-6 L 7.7537186,0.00998121 c 0.55229,8.17e-4 0.99934,0.449193 0.99852,1.00147599 l -0.0102,6.90313 c -0.00133,0.89631 -1.09031,1.33838 -1.71602,0.69661 z\"><\/path><\/svg><\/span>\n\t\t\t\t\t\t\t\t\t\t\t\t\t\t<\/span>\n\t\t\t\t\t\t\t\t\t\t\t\t<a class=\"elementor-accordion-title\" tabindex=\"0\">Ladegeschwindigkeit<\/a>\n\t\t\t\t\t<\/div>\n\t\t\t\t\t<div id=\"elementor-tab-content-2206\" class=\"elementor-tab-content elementor-clearfix\" data-tab=\"6\" role=\"region\" aria-labelledby=\"elementor-tab-title-2206\"><p>Bei einigen e-tron-Besitzern traten Ladeprobleme auf, bei denen das Auto den Ladevorgang nicht startete oder mitten im Ladevorgang Fehlermeldungen anzeigte.<\/p><p>Diese Probleme k\u00f6nnen sowohl bei Heimladeger\u00e4ten als auch an \u00f6ffentlichen Ladestationen auftreten.<\/p><\/div>\n\t\t\t\t<\/div>\n\t\t\t\t\t\t\t\t<\/div>\n\t\t\t\t\t\t<\/div>\n\t\t\t\t<\/div>\n\t\t\t\t\t<\/div>\n\t\t<\/div>\n\t\t\t\t\t<\/div>\n\t\t<\/section>\n\t\t\t\t<section class=\"elementor-section elementor-top-section elementor-element elementor-element-38ec912 elementor-section-stretched elementor-section-full_width elementor-section-height-default elementor-section-height-default\" data-id=\"38ec912\" data-element_type=\"section\" data-settings=\"{&quot;stretch_section&quot;:&quot;section-stretched&quot;}\">\n\t\t\t\t\t\t\t<div class=\"elementor-background-overlay\"><\/div>\n\t\t\t\t\t\t\t<div class=\"elementor-container elementor-column-gap-no\">\n\t\t\t\t\t<div class=\"elementor-column elementor-col-100 elementor-top-column elementor-element elementor-element-6d637f2\" data-id=\"6d637f2\" data-element_type=\"column\">\n\t\t\t<div class=\"elementor-widget-wrap elementor-element-populated\">\n\t\t\t\t\t\t<section class=\"elementor-section elementor-inner-section elementor-element elementor-element-012314a elementor-section-boxed elementor-section-height-default elementor-section-height-default\" data-id=\"012314a\" data-element_type=\"section\" data-settings=\"{&quot;background_background&quot;:&quot;classic&quot;}\">\n\t\t\t\t\t\t<div class=\"elementor-container elementor-column-gap-wide\">\n\t\t\t\t\t<div class=\"elementor-column elementor-col-50 elementor-inner-column elementor-element elementor-element-e7b4b91\" data-id=\"e7b4b91\" data-element_type=\"column\">\n\t\t\t<div class=\"elementor-widget-wrap elementor-element-populated\">\n\t\t\t\t\t\t<div class=\"elementor-element elementor-element-e3190e0 elementor-widget elementor-widget-neuros_heading\" data-id=\"e3190e0\" data-element_type=\"widget\" data-widget_type=\"neuros_heading.default\">\n\t\t\t\t<div class=\"elementor-widget-container\">\n\t\t\t\t\t<div class=\"neuros-heading-widget\"><h2 class=\"neuros-heading\"><span class=\"neuros-subheading\">Kontakt<\/span><span class=\"neuros-heading-content has_gradient_color_text\">Bitte schreiben Sie uns, falls Sie weitere M\u00e4ngel oder Fehler feststellen.<\/span><\/h2><\/div>\t\t\t\t<\/div>\n\t\t\t\t<\/div>\n\t\t\t\t<div class=\"elementor-element elementor-element-3ce8fc7 elementor-widget elementor-widget-text-editor\" data-id=\"3ce8fc7\" data-element_type=\"widget\" data-widget_type=\"text-editor.default\">\n\t\t\t\t<div class=\"elementor-widget-container\">\n\t\t\t\t\t\t\t\t\t<p>Sollten Ihnen weitere M\u00e4ngel oder Fehler bekannt sein, bitten wir Sie, uns dies mitzuteilen, damit wir die Informationssammlung aktualisieren und verbessern k\u00f6nnen.<\/p>\t\t\t\t\t\t\t\t<\/div>\n\t\t\t\t<\/div>\n\t\t\t\t\t<\/div>\n\t\t<\/div>\n\t\t\t\t<div class=\"elementor-column elementor-col-50 elementor-inner-column elementor-element elementor-element-2af1783\" data-id=\"2af1783\" data-element_type=\"column\">\n\t\t\t<div class=\"elementor-widget-wrap elementor-element-populated\">\n\t\t\t\t\t\t<div class=\"elementor-element elementor-element-9b62d1f wpforms-button-border-style-solid wpforms-button-bakground-style-solid elementor-widget elementor-widget-neuros_wpforms\" data-id=\"9b62d1f\" data-element_type=\"widget\" data-widget_type=\"neuros_wpforms.default\">\n\t\t\t\t<div class=\"elementor-widget-container\">\n\t\t\t\t\t        <div class=\"neuros-wpforms-widget\">\n            <h4 class=\"wpforms-widget-heading neuros-heading\"><span class=\"neuros-heading-content\">Schreiben Sie uns<\/span><\/h4><style id=\"wpforms-css-vars-22880\">\n\t\t\t\t#wpforms-22880 {\n\t\t\t\t--wpforms-field-size-input-height: 43px;\n--wpforms-field-size-input-spacing: 15px;\n--wpforms-field-size-font-size: 16px;\n--wpforms-field-size-line-height: 19px;\n--wpforms-field-size-padding-h: 14px;\n--wpforms-field-size-checkbox-size: 16px;\n--wpforms-field-size-sublabel-spacing: 5px;\n--wpforms-field-size-icon-size: 1;\n--wpforms-label-size-font-size: 16px;\n--wpforms-label-size-line-height: 19px;\n--wpforms-label-size-sublabel-font-size: 14px;\n--wpforms-label-size-sublabel-line-height: 17px;\n--wpforms-button-size-font-size: 17px;\n--wpforms-button-size-height: 41px;\n--wpforms-button-size-padding-h: 15px;\n--wpforms-button-size-margin-top: 10px;\n--wpforms-container-shadow-size-box-shadow: none;\n\t\t\t}\n\t\t\t<\/style><div class=\"wpforms-container wpforms-container-full wpforms-render-modern\" id=\"wpforms-22880\"><form id=\"wpforms-form-22880\" class=\"wpforms-validate wpforms-form wpforms-ajax-form\" data-formid=\"22880\" method=\"post\" enctype=\"multipart\/form-data\" action=\"\/de\/wp-json\/wp\/v2\/pages\/4932\" data-token=\"4a761fbc9110a6536a41a226f24bb58d\" data-token-time=\"1776150464\" data-trp-original-action=\"\/de\/wp-json\/wp\/v2\/pages\/4932\"><div class=\"wpforms-head-container\"><div class=\"wpforms-description\">Wenn Sie Anmerkungen oder Lob haben, uns helfen m\u00f6chten oder sonstige Fragen haben, f\u00fcllen Sie bitte das untenstehende Formular aus.<\/div><\/div><noscript class=\"wpforms-error-noscript\">Bitte aktiviere JavaScript in deinem Browser, um dieses Formular fertigzustellen.<\/noscript><div id=\"wpforms-error-noscript\" style=\"display: none;\">Bitte aktiviere JavaScript in deinem Browser, um dieses Formular fertigzustellen.<\/div><div class=\"wpforms-field-container\"><div id=\"wpforms-22880-field_1-container\" class=\"wpforms-field wpforms-field-text\" data-field-type=\"text\" data-field-id=\"1\"><label class=\"wpforms-field-label wpforms-label-hide\" for=\"wpforms-22880-field_1\" aria-hidden=\"false\">Vollst\u00e4ndiger Name <span class=\"wpforms-required-label\" aria-hidden=\"true\">*<\/span><\/label><input type=\"text\" id=\"wpforms-22880-field_1\" class=\"wpforms-field-large wpforms-field-required\" name=\"wpforms[fields][1]\" placeholder=\"Vollst\u00e4ndiger Name\" aria-errormessage=\"wpforms-22880-field_1-error\" required><\/div><div id=\"wpforms-22880-field_3-container\" class=\"wpforms-field wpforms-field-email\" data-field-type=\"email\" data-field-id=\"3\"><label class=\"wpforms-field-label wpforms-label-hide\" for=\"wpforms-22880-field_3\" aria-hidden=\"false\">E-Mail <span class=\"wpforms-required-label\" aria-hidden=\"true\">*<\/span><\/label><input type=\"email\" id=\"wpforms-22880-field_3\" class=\"wpforms-field-large wpforms-field-required\" name=\"wpforms[fields][3]\" placeholder=\"E-Mail-Adresse\" spellcheck=\"false\" aria-errormessage=\"wpforms-22880-field_3-error\" required><\/div><div id=\"wpforms-22880-field_4-container\" class=\"wpforms-field wpforms-field-text\" data-field-type=\"text\" data-field-id=\"4\"><label class=\"wpforms-field-label wpforms-label-hide\" for=\"wpforms-22880-field_4\" aria-hidden=\"false\">Thema <span class=\"wpforms-required-label\" aria-hidden=\"true\">*<\/span><\/label><input type=\"text\" id=\"wpforms-22880-field_4\" class=\"wpforms-field-large wpforms-field-required\" name=\"wpforms[fields][4]\" placeholder=\"Thema\" aria-errormessage=\"wpforms-22880-field_4-error\" required><\/div><div id=\"wpforms-22880-field_5-container\" class=\"wpforms-field wpforms-field-textarea\" data-field-type=\"textarea\" data-field-id=\"5\"><label class=\"wpforms-field-label wpforms-label-hide\" for=\"wpforms-22880-field_5\" aria-hidden=\"false\">Nachricht<\/label><textarea id=\"wpforms-22880-field_5\" class=\"wpforms-field-small\" name=\"wpforms[fields][5]\" placeholder=\"Nachricht\" aria-errormessage=\"wpforms-22880-field_5-error\" ><\/textarea><\/div><\/div><!-- .wpforms-field-container --><div class=\"wpforms-submit-container\" ><input type=\"hidden\" name=\"wpforms[id]\" value=\"22880\"><input type=\"hidden\" name=\"page_title\" value=\"\"><input type=\"hidden\" name=\"page_url\" value=\"https:\/\/www.etronclaiminitiative.eu\/de\/wp-json\/wp\/v2\/pages\/4932\"><input type=\"hidden\" name=\"url_referer\" value=\"\"><button type=\"submit\" name=\"wpforms[submit]\" id=\"wpforms-submit-22880\" class=\"wpforms-submit\" data-alt-text=\"Afsender...\" data-submit-text=\"Indsend\" aria-live=\"assertive\" value=\"wpforms-submit\">Einreichen<\/button><img decoding=\"async\" src=\"https:\/\/www.etronclaiminitiative.eu\/wp-content\/plugins\/wpforms\/assets\/images\/submit-spin.svg\" class=\"wpforms-submit-spinner\" style=\"display: none;\" width=\"26\" height=\"26\" alt=\"Wird geladen\"><\/div><input type=\"hidden\" name=\"trp-form-language\" value=\"de\"\/><\/form><\/div>  <!-- .wpforms-container -->        <\/div>\n        \t\t\t\t<\/div>\n\t\t\t\t<\/div>\n\t\t\t\t\t<\/div>\n\t\t<\/div>\n\t\t\t\t\t<\/div>\n\t\t<\/section>\n\t\t\t\t\t<\/div>\n\t\t<\/div>\n\t\t\t\t\t<\/div>\n\t\t<\/section>\n\t\t\t\t<section class=\"elementor-section elementor-top-section elementor-element elementor-element-9713496 elementor-section-stretched elementor-section-full_width elementor-section-height-default elementor-section-height-default\" data-id=\"9713496\" data-element_type=\"section\" data-settings=\"{&quot;stretch_section&quot;:&quot;section-stretched&quot;}\">\n\t\t\t\t\t\t<div class=\"elementor-container elementor-column-gap-no\">\n\t\t\t\t\t<div class=\"elementor-column elementor-col-100 elementor-top-column elementor-element elementor-element-8ae4756\" data-id=\"8ae4756\" data-element_type=\"column\">\n\t\t\t<div class=\"elementor-widget-wrap elementor-element-populated\">\n\t\t\t\t\t\t<section class=\"elementor-section elementor-inner-section elementor-element elementor-element-493178a elementor-section-boxed elementor-section-height-default elementor-section-height-default\" data-id=\"493178a\" data-element_type=\"section\" data-settings=\"{&quot;background_background&quot;:&quot;classic&quot;}\">\n\t\t\t\t\t\t<div class=\"elementor-container elementor-column-gap-default\">\n\t\t\t\t\t<div class=\"elementor-column elementor-col-100 elementor-inner-column elementor-element elementor-element-f8d3607\" data-id=\"f8d3607\" data-element_type=\"column\">\n\t\t\t<div class=\"elementor-widget-wrap elementor-element-populated\">\n\t\t\t\t\t\t<div class=\"elementor-element elementor-element-b7ec2e0 elementor-widget-divider--view-line elementor-widget elementor-widget-divider\" data-id=\"b7ec2e0\" data-element_type=\"widget\" data-widget_type=\"divider.default\">\n\t\t\t\t<div class=\"elementor-widget-container\">\n\t\t\t\t\t\t\t<div class=\"elementor-divider\">\n\t\t\t<span class=\"elementor-divider-separator\">\n\t\t\t\t\t\t<\/span>\n\t\t<\/div>\n\t\t\t\t\t\t<\/div>\n\t\t\t\t<\/div>\n\t\t\t\t\t<\/div>\n\t\t<\/div>\n\t\t\t\t\t<\/div>\n\t\t<\/section>\n\t\t\t\t\t<\/div>\n\t\t<\/div>\n\t\t\t\t\t<\/div>\n\t\t<\/section>\n\t\t\t\t<\/div>","protected":false},"excerpt":{"rendered":"<p>Ladelugeproblemer Mekaniske fejl, som kr\u00e6ver udskiftning. Digitale sidespejle &#8211; Kondens Audi kender til fejlen, hvor der kan samles kondens i digitale sidespejle p\u00e5 udvalgte modeller.Indtil nu har Audi skiftet dem per kulance. Vand fra dr\u00e6n i soltag \u00a0 Flere indehavere har&#8230;<\/p>","protected":false},"author":1,"featured_media":0,"parent":0,"menu_order":0,"comment_status":"closed","ping_status":"closed","template":"elementor_header_footer","meta":{"footnotes":""},"class_list":["post-4932","page","type-page","status-publish","hentry"],"_links":{"self":[{"href":"https:\/\/www.etronclaiminitiative.eu\/de\/wp-json\/wp\/v2\/pages\/4932","targetHints":{"allow":["GET"]}}],"collection":[{"href":"https:\/\/www.etronclaiminitiative.eu\/de\/wp-json\/wp\/v2\/pages"}],"about":[{"href":"https:\/\/www.etronclaiminitiative.eu\/de\/wp-json\/wp\/v2\/types\/page"}],"author":[{"embeddable":true,"href":"https:\/\/www.etronclaiminitiative.eu\/de\/wp-json\/wp\/v2\/users\/1"}],"replies":[{"embeddable":true,"href":"https:\/\/www.etronclaiminitiative.eu\/de\/wp-json\/wp\/v2\/comments?post=4932"}],"version-history":[{"count":14,"href":"https:\/\/www.etronclaiminitiative.eu\/de\/wp-json\/wp\/v2\/pages\/4932\/revisions"}],"predecessor-version":[{"id":23100,"href":"https:\/\/www.etronclaiminitiative.eu\/de\/wp-json\/wp\/v2\/pages\/4932\/revisions\/23100"}],"wp:attachment":[{"href":"https:\/\/www.etronclaiminitiative.eu\/de\/wp-json\/wp\/v2\/media?parent=4932"}],"curies":[{"name":"wp","href":"https:\/\/api.w.org\/{rel}","templated":true}]}}